{"id":5733,"date":"2021-03-26T13:21:13","date_gmt":"2021-03-26T13:21:13","guid":{"rendered":"http:\/\/demo.yolotheme.com\/tayta\/?page_id=5733"},"modified":"2021-06-23T12:17:13","modified_gmt":"2021-06-23T10:17:13","slug":"home-4","status":"publish","type":"page","link":"https:\/\/meribel-locations.com\/fr\/","title":{"rendered":"Locations M\u00e9ribel &#038; Barjac"},"content":{"rendered":"\t\t<div data-elementor-type=\"wp-page\" data-elementor-id=\"5733\" class=\"elementor elementor-5733\">\n\t\t\t\t\t\t<section class=\"elementor-section elementor-top-section elementor-element elementor-element-57c1396 elementor-section-full_width elementor-section-height-default elementor-section-height-default\" data-id=\"57c1396\" data-element_type=\"section\" data-e-type=\"section\">\n\t\t\t\t\t\t<div class=\"elementor-container elementor-column-gap-default\">\n\t\t\t\t\t<div class=\"elementor-column elementor-col-100 elementor-top-column elementor-element elementor-element-4b28db7\" data-id=\"4b28db7\" data-element_type=\"column\" data-e-type=\"column\" data-settings=\"{&quot;background_background&quot;:&quot;classic&quot;}\">\n\t\t\t<div class=\"elementor-widget-wrap\">\n\t\t\t\t\t\t\t<\/div>\n\t\t<\/div>\n\t\t\t\t\t<\/div>\n\t\t<\/section>\n\t\t\t\t<section class=\"elementor-section elementor-top-section elementor-element elementor-element-19bfabe elementor-section-boxed elementor-section-height-default elementor-section-height-default\" data-id=\"19bfabe\" data-element_type=\"section\" data-e-type=\"section\">\n\t\t\t\t\t\t<div class=\"elementor-container elementor-column-gap-default\">\n\t\t\t\t\t<div class=\"elementor-column elementor-col-100 elementor-top-column elementor-element elementor-element-ee7902b\" data-id=\"ee7902b\" data-element_type=\"column\" data-e-type=\"column\">\n\t\t\t<div class=\"elementor-widget-wrap elementor-element-populated\">\n\t\t\t\t\t\t<div class=\"elementor-element elementor-element-02076be elementor-widget elementor-widget-text-editor\" data-id=\"02076be\" data-element_type=\"widget\" data-e-type=\"widget\" data-widget_type=\"text-editor.default\">\n\t\t\t\t<div class=\"elementor-widget-container\">\n\t\t\t\t\t\t\t\t\t<p style=\"text-align: center;\">&#8212;&#8211; D\u00e9couvrez nos <strong>locations<\/strong> dans la station de ski de <strong>M\u00e9ribel<\/strong> et le petit village plein de charme de <strong>Barjac<\/strong> &#8212;&#8211;<\/p>\t\t\t\t\t\t\t\t<\/div>\n\t\t\t\t<\/div>\n\t\t\t\t\t<\/div>\n\t\t<\/div>\n\t\t\t\t\t<\/div>\n\t\t<\/section>\n\t\t\t\t<section class=\"elementor-section elementor-top-section elementor-element elementor-element-d69d356 elementor-section-full_width elementor-section-height-default elementor-section-height-default\" data-id=\"d69d356\" data-element_type=\"section\" data-e-type=\"section\">\n\t\t\t\t\t\t<div class=\"elementor-container elementor-column-gap-default\">\n\t\t\t\t\t<div class=\"make-column-clickable-elementor elementor-column elementor-col-33 elementor-top-column elementor-element elementor-element-8bc9f11\" style=\"cursor: pointer;\" data-column-clickable=\"https:\/\/meribel-locations.com\/appartement-meribel\/\" data-column-clickable-blank=\"_self\" data-id=\"8bc9f11\" data-element_type=\"column\" data-e-type=\"column\" data-settings=\"{&quot;background_background&quot;:&quot;classic&quot;}\">\n\t\t\t<div class=\"elementor-widget-wrap elementor-element-populated\">\n\t\t\t\t\t<div class=\"elementor-background-overlay\"><\/div>\n\t\t\t\t\t\t<div class=\"elementor-element elementor-element-9de3f43 elementor-widget elementor-widget-spacer\" data-id=\"9de3f43\" data-element_type=\"widget\" data-e-type=\"widget\" data-widget_type=\"spacer.default\">\n\t\t\t\t<div class=\"elementor-widget-container\">\n\t\t\t\t\t\t\t<div class=\"elementor-spacer\">\n\t\t\t<div class=\"elementor-spacer-inner\"><\/div>\n\t\t<\/div>\n\t\t\t\t\t\t<\/div>\n\t\t\t\t<\/div>\n\t\t\t\t<div class=\"elementor-element elementor-element-4b8199b elementor-widget elementor-widget-heading\" data-id=\"4b8199b\" data-element_type=\"widget\" data-e-type=\"widget\" data-widget_type=\"heading.default\">\n\t\t\t\t<div class=\"elementor-widget-container\">\n\t\t\t\t\t<p class=\"elementor-heading-title elementor-size-default\"><a href=\"https:\/\/meribel-locations.com\/appartement-meribel\/\">Appartement M\u00e9ribel<\/a><\/p>\t\t\t\t<\/div>\n\t\t\t\t<\/div>\n\t\t\t\t\t<\/div>\n\t\t<\/div>\n\t\t\t\t<div class=\"make-column-clickable-elementor elementor-column elementor-col-33 elementor-top-column elementor-element elementor-element-963723b\" style=\"cursor: pointer;\" data-column-clickable=\"https:\/\/meribel-locations.com\/location-chalet-avec-jacuzzi-meribel\/\" data-column-clickable-blank=\"_self\" data-id=\"963723b\" data-element_type=\"column\" data-e-type=\"column\" data-settings=\"{&quot;background_background&quot;:&quot;classic&quot;}\">\n\t\t\t<div class=\"elementor-widget-wrap elementor-element-populated\">\n\t\t\t\t\t<div class=\"elementor-background-overlay\"><\/div>\n\t\t\t\t\t\t<div class=\"elementor-element elementor-element-099108b elementor-widget elementor-widget-spacer\" data-id=\"099108b\" data-element_type=\"widget\" data-e-type=\"widget\" data-widget_type=\"spacer.default\">\n\t\t\t\t<div class=\"elementor-widget-container\">\n\t\t\t\t\t\t\t<div class=\"elementor-spacer\">\n\t\t\t<div class=\"elementor-spacer-inner\"><\/div>\n\t\t<\/div>\n\t\t\t\t\t\t<\/div>\n\t\t\t\t<\/div>\n\t\t\t\t<div class=\"elementor-element elementor-element-a99c366 elementor-widget elementor-widget-heading\" data-id=\"a99c366\" data-element_type=\"widget\" data-e-type=\"widget\" data-widget_type=\"heading.default\">\n\t\t\t\t<div class=\"elementor-widget-container\">\n\t\t\t\t\t<p class=\"elementor-heading-title elementor-size-default\"><a href=\"https:\/\/meribel-locations.com\/appartement-meribel\/\">Chalet <br>M\u00e9ribel<\/a><\/p>\t\t\t\t<\/div>\n\t\t\t\t<\/div>\n\t\t\t\t\t<\/div>\n\t\t<\/div>\n\t\t\t\t<div class=\"make-column-clickable-elementor elementor-column elementor-col-33 elementor-top-column elementor-element elementor-element-76be1fd\" style=\"cursor: pointer;\" data-column-clickable=\"https:\/\/meribel-locations.com\/location-maison-avec-piscine-ardeche\/\" data-column-clickable-blank=\"_self\" data-id=\"76be1fd\" data-element_type=\"column\" data-e-type=\"column\" data-settings=\"{&quot;background_background&quot;:&quot;classic&quot;}\">\n\t\t\t<div class=\"elementor-widget-wrap elementor-element-populated\">\n\t\t\t\t\t<div class=\"elementor-background-overlay\"><\/div>\n\t\t\t\t\t\t<div class=\"elementor-element elementor-element-2bbcb8d elementor-widget elementor-widget-spacer\" data-id=\"2bbcb8d\" data-element_type=\"widget\" data-e-type=\"widget\" data-widget_type=\"spacer.default\">\n\t\t\t\t<div class=\"elementor-widget-container\">\n\t\t\t\t\t\t\t<div class=\"elementor-spacer\">\n\t\t\t<div class=\"elementor-spacer-inner\"><\/div>\n\t\t<\/div>\n\t\t\t\t\t\t<\/div>\n\t\t\t\t<\/div>\n\t\t\t\t<div class=\"elementor-element elementor-element-77cd5c5 elementor-widget elementor-widget-heading\" data-id=\"77cd5c5\" data-element_type=\"widget\" data-e-type=\"widget\" data-widget_type=\"heading.default\">\n\t\t\t\t<div class=\"elementor-widget-container\">\n\t\t\t\t\t<p class=\"elementor-heading-title elementor-size-default\"><a href=\"https:\/\/meribel-locations.com\/appartement-meribel\/\">Maison <br> Barjac<\/a><\/p>\t\t\t\t<\/div>\n\t\t\t\t<\/div>\n\t\t\t\t\t<\/div>\n\t\t<\/div>\n\t\t\t\t\t<\/div>\n\t\t<\/section>\n\t\t\t\t<\/div>\n\t\t","protected":false},"excerpt":{"rendered":"<p>&#8212;&#8211; D\u00e9couvrez nos locations dans la station de ski de M\u00e9ribel et le petit village plein de charme de Barjac &#8212;&#8211; Appartement M\u00e9ribel Chalet M\u00e9ribel Maison Barjac<\/p>\n","protected":false},"author":1,"featured_media":0,"parent":0,"menu_order":0,"comment_status":"closed","ping_status":"closed","template":"","meta":{"footnotes":""},"class_list":["post-5733","page","type-page","status-publish","hentry"],"yoast_head":"<!-- This site is optimized with the Yoast SEO plugin v27.0 - https:\/\/yoast.com\/product\/yoast-seo-wordpress\/ -->\n<title>Nos locations M\u00e9ribel &amp; Barjac (appartement, chalet, maison)<\/title>\n<meta name=\"description\" content=\"Pour vos vacances, d\u00e9couvrez nos locations d&#039;appartement et chalet \u00e0 M\u00e9ribel, ainsi que notre maison avec piscine \u00e0 Barjac.\" \/>\n<meta name=\"robots\" content=\"index, follow, max-snippet:-1, max-image-preview:large, max-video-preview:-1\" \/>\n<link rel=\"canonical\" href=\"https:\/\/meribel-locations.com\/fr\/\" \/>\n<meta property=\"og:locale\" content=\"fr_FR\" \/>\n<meta property=\"og:type\" content=\"article\" \/>\n<meta property=\"og:title\" content=\"Nos locations M\u00e9ribel &amp; Barjac (appartement, chalet, maison)\" \/>\n<meta property=\"og:description\" content=\"Pour vos vacances, d\u00e9couvrez nos locations d&#039;appartement et chalet \u00e0 M\u00e9ribel, ainsi que notre maison avec piscine \u00e0 Barjac.\" \/>\n<meta property=\"og:url\" content=\"https:\/\/meribel-locations.com\/fr\/\" \/>\n<meta property=\"article:modified_time\" content=\"2021-06-23T10:17:13+00:00\" \/>\n<meta name=\"twitter:card\" content=\"summary_large_image\" \/>\n<meta name=\"twitter:label1\" content=\"Dur\u00e9e de lecture estim\u00e9e\" \/>\n\t<meta name=\"twitter:data1\" content=\"1 minute\" \/>\n<script type=\"application\/ld+json\" class=\"yoast-schema-graph\">{\"@context\":\"https:\/\/schema.org\",\"@graph\":[{\"@type\":\"WebPage\",\"@id\":\"https:\/\/meribel-locations.com\/fr\/\",\"url\":\"https:\/\/meribel-locations.com\/fr\/\",\"name\":\"Nos locations M\u00e9ribel & Barjac (appartement, chalet, maison)\",\"isPartOf\":{\"@id\":\"https:\/\/meribel-locations.com\/fr\/#website\"},\"datePublished\":\"2021-03-26T13:21:13+00:00\",\"dateModified\":\"2021-06-23T10:17:13+00:00\",\"description\":\"Pour vos vacances, d\u00e9couvrez nos locations d'appartement et chalet \u00e0 M\u00e9ribel, ainsi que notre maison avec piscine \u00e0 Barjac.\",\"breadcrumb\":{\"@id\":\"https:\/\/meribel-locations.com\/fr\/#breadcrumb\"},\"inLanguage\":\"fr-FR\",\"potentialAction\":[{\"@type\":\"ReadAction\",\"target\":[\"https:\/\/meribel-locations.com\/fr\/\"]}]},{\"@type\":\"BreadcrumbList\",\"@id\":\"https:\/\/meribel-locations.com\/fr\/#breadcrumb\",\"itemListElement\":[{\"@type\":\"ListItem\",\"position\":1,\"name\":\"Accueil\",\"item\":\"https:\/\/meribel-locations.com\/fr\/\"},{\"@type\":\"ListItem\",\"position\":2,\"name\":\"Locations M\u00e9ribel &#038; Barjac\"}]},{\"@type\":\"WebSite\",\"@id\":\"https:\/\/meribel-locations.com\/fr\/#website\",\"url\":\"https:\/\/meribel-locations.com\/fr\/\",\"name\":\"\",\"description\":\"\",\"potentialAction\":[{\"@type\":\"SearchAction\",\"target\":{\"@type\":\"EntryPoint\",\"urlTemplate\":\"https:\/\/meribel-locations.com\/fr\/?s={search_term_string}\"},\"query-input\":{\"@type\":\"PropertyValueSpecification\",\"valueRequired\":true,\"valueName\":\"search_term_string\"}}],\"inLanguage\":\"fr-FR\"}]}<\/script>\n<!-- \/ Yoast SEO plugin. -->","yoast_head_json":{"title":"Nos locations M\u00e9ribel & Barjac (appartement, chalet, maison)","description":"Pour vos vacances, d\u00e9couvrez nos locations d'appartement et chalet \u00e0 M\u00e9ribel, ainsi que notre maison avec piscine \u00e0 Barjac.","robots":{"index":"index","follow":"follow","max-snippet":"max-snippet:-1","max-image-preview":"max-image-preview:large","max-video-preview":"max-video-preview:-1"},"canonical":"https:\/\/meribel-locations.com\/fr\/","og_locale":"fr_FR","og_type":"article","og_title":"Nos locations M\u00e9ribel & Barjac (appartement, chalet, maison)","og_description":"Pour vos vacances, d\u00e9couvrez nos locations d'appartement et chalet \u00e0 M\u00e9ribel, ainsi que notre maison avec piscine \u00e0 Barjac.","og_url":"https:\/\/meribel-locations.com\/fr\/","article_modified_time":"2021-06-23T10:17:13+00:00","twitter_card":"summary_large_image","twitter_misc":{"Dur\u00e9e de lecture estim\u00e9e":"1 minute"},"schema":{"@context":"https:\/\/schema.org","@graph":[{"@type":"WebPage","@id":"https:\/\/meribel-locations.com\/fr\/","url":"https:\/\/meribel-locations.com\/fr\/","name":"Nos locations M\u00e9ribel & Barjac (appartement, chalet, maison)","isPartOf":{"@id":"https:\/\/meribel-locations.com\/fr\/#website"},"datePublished":"2021-03-26T13:21:13+00:00","dateModified":"2021-06-23T10:17:13+00:00","description":"Pour vos vacances, d\u00e9couvrez nos locations d'appartement et chalet \u00e0 M\u00e9ribel, ainsi que notre maison avec piscine \u00e0 Barjac.","breadcrumb":{"@id":"https:\/\/meribel-locations.com\/fr\/#breadcrumb"},"inLanguage":"fr-FR","potentialAction":[{"@type":"ReadAction","target":["https:\/\/meribel-locations.com\/fr\/"]}]},{"@type":"BreadcrumbList","@id":"https:\/\/meribel-locations.com\/fr\/#breadcrumb","itemListElement":[{"@type":"ListItem","position":1,"name":"Accueil","item":"https:\/\/meribel-locations.com\/fr\/"},{"@type":"ListItem","position":2,"name":"Locations M\u00e9ribel &#038; Barjac"}]},{"@type":"WebSite","@id":"https:\/\/meribel-locations.com\/fr\/#website","url":"https:\/\/meribel-locations.com\/fr\/","name":"","description":"","potentialAction":[{"@type":"SearchAction","target":{"@type":"EntryPoint","urlTemplate":"https:\/\/meribel-locations.com\/fr\/?s={search_term_string}"},"query-input":{"@type":"PropertyValueSpecification","valueRequired":true,"valueName":"search_term_string"}}],"inLanguage":"fr-FR"}]}},"_links":{"self":[{"href":"https:\/\/meribel-locations.com\/fr\/wp-json\/wp\/v2\/pages\/5733","targetHints":{"allow":["GET"]}}],"collection":[{"href":"https:\/\/meribel-locations.com\/fr\/wp-json\/wp\/v2\/pages"}],"about":[{"href":"https:\/\/meribel-locations.com\/fr\/wp-json\/wp\/v2\/types\/page"}],"author":[{"embeddable":true,"href":"https:\/\/meribel-locations.com\/fr\/wp-json\/wp\/v2\/users\/1"}],"replies":[{"embeddable":true,"href":"https:\/\/meribel-locations.com\/fr\/wp-json\/wp\/v2\/comments?post=5733"}],"version-history":[{"count":55,"href":"https:\/\/meribel-locations.com\/fr\/wp-json\/wp\/v2\/pages\/5733\/revisions"}],"predecessor-version":[{"id":6317,"href":"https:\/\/meribel-locations.com\/fr\/wp-json\/wp\/v2\/pages\/5733\/revisions\/6317"}],"wp:attachment":[{"href":"https:\/\/meribel-locations.com\/fr\/wp-json\/wp\/v2\/media?parent=5733"}],"curies":[{"name":"wp","href":"https:\/\/api.w.org\/{rel}","templated":true}]}}